{"id":64914,"date":"2023-09-05T13:40:59","date_gmt":"2023-09-05T17:40:59","guid":{"rendered":"https:\/\/cipmm-icagm.ca\/webinars-other-events\/"},"modified":"2023-09-18T15:49:17","modified_gmt":"2023-09-18T19:49:17","slug":"webinaires-autre-evenements","status":"publish","type":"page","link":"https:\/\/cipmm-icagm.ca\/fr\/webinaires-autre-evenements\/","title":{"rendered":"Webinaires &#8211; autre \u00e9v\u00e9nements"},"content":{"rendered":"[et_pb_section fb_built=\u00a0\u00bb1&Prime; fullwidth=\u00a0\u00bbon\u00a0\u00bb _builder_version=\u00a0\u00bb4.16&Prime; custom_margin=\u00a0\u00bb-107px||\u00a0\u00bb global_colors_info=\u00a0\u00bb{}\u00a0\u00bb][et_pb_fullwidth_code _builder_version=\u00a0\u00bb4.18.0&Prime; global_colors_info=\u00a0\u00bb{}\u00a0\u00bb]\n\t\t\t<!-- START Webinaires de l\u201dICAGM REVOLUTION SLIDER 6.6.3 --><p class=\"rs-p-wp-fix\"><\/p>\n\t\t\t<rs-module-wrap id=\"rev_slider_120_1_wrapper\" data-source=\"gallery\" style=\"visibility:hidden;background:transparent;padding:0;margin:0px auto;margin-top:0;margin-bottom:0;\">\n\t\t\t\t<rs-module id=\"rev_slider_120_1\" style=\"\" data-version=\"6.6.3\">\n\t\t\t\t\t<rs-slides style=\"overflow: hidden; position: absolute;\">\n\t\t\t\t\t\t<rs-slide style=\"position: absolute;\" data-key=\"rs-210\" data-title=\"Slide\" data-in=\"o:0;\" data-out=\"a:false;\">\n\t\t\t\t\t\t\t<img decoding=\"async\" src=\"\/\/cipmm-icagm.ca\/wp-content\/plugins\/revslider\/public\/assets\/assets\/dummy.png\" alt=\"Slide\" title=\"Webinaires &#8211; autre \u00e9v\u00e9nements\" class=\"rev-slidebg tp-rs-img rs-lazyload\" data-lazyload=\"\/\/cipmm-icagm.ca\/wp-content\/plugins\/revslider\/public\/assets\/assets\/transparent.png\" data-bg=\"c:linear-gradient(rgba(0,28,26,1) 0%, rgba(23,149,198,1) 100%);\" data-no-retina>\n<!--\n\t\t\t\t\t\t\t--><rs-layer\n\t\t\t\t\t\t\t\tid=\"slider-120-slide-210-layer-3\" \n\t\t\t\t\t\t\t\tdata-type=\"text\"\n\t\t\t\t\t\t\t\tdata-color=\"#fff\"\n\t\t\t\t\t\t\t\tdata-rsp_ch=\"on\"\n\t\t\t\t\t\t\t\tdata-xy=\"x:c;y:146px;\"\n\t\t\t\t\t\t\t\tdata-text=\"w:normal;s:64;l:68;ls:0px;fw:700;\"\n\t\t\t\t\t\t\t\tdata-frame_0=\"x:-97px;\"\n\t\t\t\t\t\t\t\tdata-frame_1=\"sp:1000;\"\n\t\t\t\t\t\t\t\tdata-frame_999=\"o:0;st:w;sR:8000;\"\n\t\t\t\t\t\t\t\tstyle=\"z-index:10;font-family:'Raleway';\"\n\t\t\t\t\t\t\t>Webinaires de l\u201dICAGM \n\t\t\t\t\t\t\t<\/rs-layer><!--\n\n\t\t\t\t\t\t\t--><rs-layer\n\t\t\t\t\t\t\t\tid=\"slider-120-slide-210-layer-8\" \n\t\t\t\t\t\t\t\tdata-type=\"shape\"\n\t\t\t\t\t\t\t\tdata-rsp_ch=\"on\"\n\t\t\t\t\t\t\t\tdata-xy=\"x:-449px;y:-79px;\"\n\t\t\t\t\t\t\t\tdata-text=\"w:normal;\"\n\t\t\t\t\t\t\t\tdata-dim=\"w:2367px;h:176;\"\n\t\t\t\t\t\t\t\tdata-frame_0=\"y:top;\"\n\t\t\t\t\t\t\t\tdata-frame_1=\"sp:1000;\"\n\t\t\t\t\t\t\t\tdata-frame_999=\"o:0;st:w;sR:8000;\"\n\t\t\t\t\t\t\t\tstyle=\"z-index:11;background-color:rgba(0,0,0,0.75);\"\n\t\t\t\t\t\t\t> \n\t\t\t\t\t\t\t<\/rs-layer><!--\n\n\t\t\t\t\t\t\t--><rs-layer\n\t\t\t\t\t\t\t\tid=\"slider-120-slide-210-layer-10\" \n\t\t\t\t\t\t\t\tdata-type=\"image\"\n\t\t\t\t\t\t\t\tdata-rsp_ch=\"on\"\n\t\t\t\t\t\t\t\tdata-xy=\"x:-379px;y:-105px;\"\n\t\t\t\t\t\t\t\tdata-text=\"w:normal;\"\n\t\t\t\t\t\t\t\tdata-dim=\"w:2265px;h:413px;\"\n\t\t\t\t\t\t\t\tdata-frame_999=\"o:0;st:w;sR:8700;\"\n\t\t\t\t\t\t\t\tstyle=\"z-index:8;\"\n\t\t\t\t\t\t\t><img decoding=\"async\" src=\"\/\/cipmm-icagm.ca\/wp-content\/plugins\/revslider\/public\/assets\/assets\/dummy.png\" alt=\"\" class=\"tp-rs-img rs-lazyload\" width=\"1920\" height=\"350\" data-lazyload=\"\/\/cipmm-icagm.ca\/wp-content\/uploads\/2019\/08\/Hub_header.png\" data-no-retina> \n\t\t\t\t\t\t\t<\/rs-layer><!--\n-->\t\t\t\t\t\t<\/rs-slide>\n\t\t\t\t\t<\/rs-slides>\n\t\t\t\t<\/rs-module>\n\t\t\t\t<script>\n\t\t\t\t\tsetREVStartSize({c: 'rev_slider_120_1',rl:[1240,1024,778,480],el:[250],gw:[1440],gh:[250],type:'standard',justify:'',layout:'fullwidth',mh:\"0\"});if (window.RS_MODULES!==undefined && window.RS_MODULES.modules!==undefined && window.RS_MODULES.modules[\"revslider1201\"]!==undefined) {window.RS_MODULES.modules[\"revslider1201\"].once = false;window.revapi120 = undefined;if (window.RS_MODULES.checkMinimal!==undefined) window.RS_MODULES.checkMinimal()}\n\t\t\t\t<\/script>\n\t\t\t<\/rs-module-wrap>\n\t\t\t<!-- END REVOLUTION SLIDER -->\n[\/et_pb_fullwidth_code][\/et_pb_section][et_pb_section fb_built=\u00a0\u00bb1&Prime; custom_padding_last_edited=\u00a0\u00bbon|desktop\u00a0\u00bb admin_label=\u00a0\u00bb#13 Content\u00a0\u00bb _builder_version=\u00a0\u00bb4.16&Prime; background_image=\u00a0\u00bbhttps:\/\/cipmm-icagm.ca\/wp-content\/uploads\/2019\/08\/background.png\u00a0\u00bb custom_padding=\u00a0\u00bb||9px|||\u00a0\u00bb custom_padding_tablet=\u00a0\u00bb50px|0|50px|0&Prime; custom_padding_phone=\u00a0\u00bb\u00a0\u00bb z_index_tablet=\u00a0\u00bb500&Prime; box_shadow_horizontal_tablet=\u00a0\u00bb0px\u00a0\u00bb box_shadow_vertical_tablet=\u00a0\u00bb0px\u00a0\u00bb box_shadow_blur_tablet=\u00a0\u00bb40px\u00a0\u00bb box_shadow_spread_tablet=\u00a0\u00bb0px\u00a0\u00bb transparent_background=\u00a0\u00bboff\u00a0\u00bb collapsed=\u00a0\u00bboff\u00a0\u00bb global_colors_info=\u00a0\u00bb{}\u00a0\u00bb][et_pb_row _builder_version=\u00a0\u00bb4.18.0&Prime; custom_margin=\u00a0\u00bb|auto||auto|false|false\u00a0\u00bb custom_padding=\u00a0\u00bb0px||5px|||\u00a0\u00bb global_colors_info=\u00a0\u00bb{}\u00a0\u00bb][et_pb_column type=\u00a0\u00bb4_4&Prime; _builder_version=\u00a0\u00bb4.16&Prime; custom_padding=\u00a0\u00bb|||\u00a0\u00bb global_colors_info=\u00a0\u00bb{}\u00a0\u00bb custom_padding__hover=\u00a0\u00bb|||\u00a0\u00bb][et_pb_text _builder_version=\u00a0\u00bb4.18.0&Prime; _module_preset=\u00a0\u00bbdefault\u00a0\u00bb hover_enabled=\u00a0\u00bb0&Prime; global_colors_info=\u00a0\u00bb{}\u00a0\u00bb sticky_enabled=\u00a0\u00bb0&Prime;]\n<p><span style=\"font-weight: 400;\">L&rsquo;ICAGM organisera un webinaire sur le th\u00e8me de <\/span><b>la fiert\u00e9 \u00e0 la fonction publique f\u00e9d\u00e9rale le 18 septembre 2023<\/b><span style=\"font-weight: 400;\"> de 12h00 \u00e0 13h00 HNE !<\/span><\/p>\n<p><span style=\"font-weight: 400;\">Explorez l&rsquo;importance de la fiert\u00e9 dans le contexte de la fonction publique f\u00e9d\u00e9rale et d\u00e9couvrez comment le R\u00e9seau de la fiert\u00e9 dans la fonction publique contribue \u00e0 un milieu de travail inclusif pour les employ\u00e9s 2SLGBTQIA+.<\/span><\/p>\n<div class=\"su-button-center\"><a href=\"https:\/\/youtu.be\/qoqM2Cu_fHo\" class=\"su-button su-button-style-soft su-button-wide\" style=\"color:#000000;background-color:#9ecede;border-color:#7fa5b2;border-radius:0px;-moz-border-radius:0px;-webkit-border-radius:0px\" target=\"__blank\"><span style=\"color:#000000;padding:0px 22px;font-size:17px;line-height:34px;border-color:#bcdde8;border-radius:0px;-moz-border-radius:0px;-webkit-border-radius:0px;text-shadow:none;-moz-text-shadow:none;-webkit-text-shadow:none\"> <strong>Regardez l&rsquo;enregistrement du webinaire<\/strong><\/span><\/a><\/div>\n<div class=\"su-button-center\"><a href=\"https:\/\/cipmm-icagm.ca\/wp-content\/uploads\/2023\/09\/RFFP-Plan-Strategique-juin-2023.pdf\" class=\"su-button su-button-style-soft su-button-wide\" style=\"color:#000000;background-color:#9ecede;border-color:#7fa5b2;border-radius:0px;-moz-border-radius:0px;-webkit-border-radius:0px\" target=\"__blank\"><span style=\"color:#000000;padding:0px 22px;font-size:17px;line-height:34px;border-color:#bcdde8;border-radius:0px;-moz-border-radius:0px;-webkit-border-radius:0px;text-shadow:none;-moz-text-shadow:none;-webkit-text-shadow:none\"> <strong>Voir la pr\u00e9sentation du webinaire<\/strong><\/span><\/a><\/div>\n[\/et_pb_text][et_pb_text _builder_version=\u00a0\u00bb4.18.0&Prime; _module_preset=\u00a0\u00bbdefault\u00a0\u00bb custom_margin=\u00a0\u00bb||75px|||\u00a0\u00bb global_colors_info=\u00a0\u00bb{}\u00a0\u00bb]\n<p><b><img loading=\"lazy\" decoding=\"async\" class=\"wp-image-64890 size-full alignleft\" src=\"https:\/\/cipmm-icagm.ca\/wp-content\/uploads\/2023\/09\/unnamed-1.jpeg\" alt=\"\" width=\"97\" height=\"169\" \/><\/b><b>Pr\u00e9sentateur:\u00a0Jason Bett, Champion de la Fiert\u00e9 \u00e0 la fonction publique et conseiller principal invit\u00e9 pour l&rsquo;inclusion 2ELGBTQIA+ \u00e0 l&rsquo;\u00c9cole de la fonction publique du Canada.<\/b><\/p>\n<p><span style=\"font-weight: 400;\">Jason Bett est un fonctionnaire exp\u00e9riment\u00e9, un b\u00e2tisseur de communaut\u00e9s et un communicateur. Au cours de sa carri\u00e8re de plus de vingt ans, il a occup\u00e9 des postes de direction dans la fonction publique f\u00e9d\u00e9rale, conseillant divers ministres et travaillant dans des organisations f\u00e9d\u00e9rales telles qu\u2019Innovation, science et d\u00e9veloppement \u00e9conomique Canada (ISED), Industrie Canada, le Secr\u00e9tariat du Conseil du Tr\u00e9sor et l&rsquo;Agence canadienne d&rsquo;inspection des aliments. R\u00e9cemment, il a \u00e9t\u00e9 directeur ex\u00e9cutif du secteur des talents et du leadership num\u00e9riques au sein du Bureau de la dirigeante principale de l&rsquo;information du Canada. Auparavant, il \u00e9tait directeur g\u00e9n\u00e9ral \u00e0 ISDE. Jason est un champion d\u00e9vou\u00e9 pour une fonction publique f\u00e9d\u00e9rale s\u00fbre et inclusive, dirigeant le R\u00e9seau de la Fiert\u00e9 \u00e0 la fonction publique depuis sa cr\u00e9ation en 2018. Jason est titulaire d&rsquo;un dipl\u00f4me en sciences politiques de l&rsquo;Universit\u00e9 d&rsquo;Ottawa et a re\u00e7u un prix d&rsquo;excellence de l&rsquo;APEX en 2020.<\/span><span style=\"font-weight: 400;\">\u00a0<\/span><\/p>\n<p><span style=\"font-weight: 400;\">Jason est pr\u00e9sentement le r\u00f4le de conseiller principal invit\u00e9 en mati\u00e8re d\u2019inclusion des communaut\u00e9s 2ELGBTQIA \u00e0 l&rsquo;\u00c9cole de la fonction publique du Canada, tout en continuant \u00e0 diriger le R\u00e9seau de la Fiert\u00e9 \u00e0 la fonction publique.<\/span><\/p>\n<p><b>\u00a0<\/b><\/p>\n[\/et_pb_text][\/et_pb_column][\/et_pb_row][\/et_pb_section]\n","protected":false},"excerpt":{"rendered":"<p>\n\t\t\t<!-- START Webinaires de l\u201dICAGM REVOLUTION SLIDER 6.6.3 --><\/p>\n<p class=\"rs-p-wp-fix\">\n<p>\t\t\t<rs-module-wrap id=\"rev_slider_120_2_wrapper\" data-source=\"gallery\" style=\"visibility:hidden;background:transparent;padding:0;margin:0px auto;margin-top:0;margin-bottom:0;\"><br \/>\n\t\t\t\t<rs-module id=\"rev_slider_120_2\" style=\"\" data-version=\"6.6.3\"><br \/>\n\t\t\t\t\t<rs-slides style=\"overflow: hidden; position: absolute;\"><br \/>\n\t\t\t\t\t\t<rs-slide style=\"position: absolute;\" data-key=\"rs-210\" data-title=\"Slide\" data-in=\"o:0;\" data-out=\"a:false;\"><br \/>\n\t\t\t\t\t\t\t<img decoding=\"async\" src=\"\/\/cipmm-icagm.ca\/wp-content\/plugins\/revslider\/public\/assets\/assets\/dummy.png\" alt=\"Slide\" title=\"Webinaires &#8211; autre \u00e9v\u00e9nements\" class=\"rev-slidebg tp-rs-img rs-lazyload\" data-lazyload=\"\/\/cipmm-icagm.ca\/wp-content\/plugins\/revslider\/public\/assets\/assets\/transparent.png\" data-bg=\"c:linear-gradient(rgba(0,28,26,1) 0%, rgba(23,149,198,1) 100%);\" data-no-retina><br \/>\n<!--\n\t\t\t\t\t\t\t--><rs-layer\n\t\t\t\t\t\t\t\tid=\"slider-120-slide-210-layer-3\" \n\t\t\t\t\t\t\t\tdata-type=\"text\"\n\t\t\t\t\t\t\t\tdata-color=\"#fff\"\n\t\t\t\t\t\t\t\tdata-rsp_ch=\"on\"\n\t\t\t\t\t\t\t\tdata-xy=\"x:c;y:146px;\"\n\t\t\t\t\t\t\t\tdata-text=\"w:normal;s:64;l:68;ls:0px;fw:700;\"\n\t\t\t\t\t\t\t\tdata-frame_0=\"x:-97px;\"\n\t\t\t\t\t\t\t\tdata-frame_1=\"sp:1000;\"\n\t\t\t\t\t\t\t\tdata-frame_999=\"o:0;st:w;sR:8000;\"\n\t\t\t\t\t\t\t\tstyle=\"z-index:10;font-family:'Raleway';\"\n\t\t\t\t\t\t\t>Webinaires de l\u201dICAGM<br \/>\n\t\t\t\t\t\t\t<\/rs-layer><!--\n\n\t\t\t\t\t\t\t--><rs-layer\n\t\t\t\t\t\t\t\tid=\"slider-120-slide-210-layer-8\" \n\t\t\t\t\t\t\t\tdata-type=\"shape\"\n\t\t\t\t\t\t\t\tdata-rsp_ch=\"on\"\n\t\t\t\t\t\t\t\tdata-xy=\"x:-449px;y:-79px;\"\n\t\t\t\t\t\t\t\tdata-text=\"w:normal;\"\n\t\t\t\t\t\t\t\tdata-dim=\"w:2367px;h:176;\"\n\t\t\t\t\t\t\t\tdata-frame_0=\"y:top;\"\n\t\t\t\t\t\t\t\tdata-frame_1=\"sp:1000;\"\n\t\t\t\t\t\t\t\tdata-frame_999=\"o:0;st:w;sR:8000;\"\n\t\t\t\t\t\t\t\tstyle=\"z-index:11;background-color:rgba(0,0,0,0.75);\"\n\t\t\t\t\t\t\t><br \/>\n\t\t\t\t\t\t\t<\/rs-layer><!--\n\n\t\t\t\t\t\t\t--><rs-layer\n\t\t\t\t\t\t\t\tid=\"slider-120-slide-210-layer-10\" \n\t\t\t\t\t\t\t\tdata-type=\"image\"\n\t\t\t\t\t\t\t\tdata-rsp_ch=\"on\"\n\t\t\t\t\t\t\t\tdata-xy=\"x:-379px;y:-105px;\"\n\t\t\t\t\t\t\t\tdata-text=\"w:normal;\"\n\t\t\t\t\t\t\t\tdata-dim=\"w:2265px;h:413px;\"\n\t\t\t\t\t\t\t\tdata-frame_999=\"o:0;st:w;sR:8700;\"\n\t\t\t\t\t\t\t\tstyle=\"z-index:8;\"\n\t\t\t\t\t\t\t><img decoding=\"async\" src=\"\/\/cipmm-icagm.ca\/wp-content\/plugins\/revslider\/public\/assets\/assets\/dummy.png\" alt=\"\" class=\"tp-rs-img rs-lazyload\" width=\"1920\" height=\"350\" data-lazyload=\"\/\/cipmm-icagm.ca\/wp-content\/uploads\/2019\/08\/Hub_header.png\" data-no-retina><br \/>\n\t\t\t\t\t\t\t<\/rs-layer><!--\n-->\t\t\t\t\t\t<\/rs-slide><br \/>\n\t\t\t\t\t<\/rs-slides><br \/>\n\t\t\t\t<\/rs-module><br \/>\n\t\t\t\t<script>\n\t\t\t\t\tsetREVStartSize({c: 'rev_slider_120_2',rl:[1240,1024,778,480],el:[250],gw:[1440],gh:[250],type:'standard',justify:'',layout:'fullwidth',mh:\"0\"});if (window.RS_MODULES!==undefined && window.RS_MODULES.modules!==undefined && window.RS_MODULES.modules[\"revslider1202\"]!==undefined) {window.RS_MODULES.modules[\"revslider1202\"].once = false;window.revapi120_2 = undefined;if (window.RS_MODULES.checkMinimal!==undefined) window.RS_MODULES.checkMinimal()}\n\t\t\t\t<\/script><br \/>\n\t\t\t<\/rs-module-wrap><br \/>\n\t\t\t<!-- END REVOLUTION SLIDER --><br \/>\nL&rsquo;ICAGM organisera un webinaire sur le th\u00e8me de la fiert\u00e9 \u00e0 la fonction publique f\u00e9d\u00e9rale le 18 septembre 2023 de 12h00 \u00e0 13h00 HNE ! Explorez l&rsquo;importance de la fiert\u00e9 dans le contexte de la fonction publique f\u00e9d\u00e9rale et d\u00e9couvrez comment le R\u00e9seau de la fiert\u00e9 dans la fonction publique contribue \u00e0 un milieu [&hellip;]<\/p>\n","protected":false},"author":2,"featured_media":0,"parent":0,"menu_order":0,"comment_status":"closed","ping_status":"closed","template":"","meta":{"_et_pb_use_builder":"on","_et_pb_old_content":"","_et_gb_content_width":"","footnotes":""},"_links":{"self":[{"href":"https:\/\/cipmm-icagm.ca\/fr\/wp-json\/wp\/v2\/pages\/64914"}],"collection":[{"href":"https:\/\/cipmm-icagm.ca\/fr\/wp-json\/wp\/v2\/pages"}],"about":[{"href":"https:\/\/cipmm-icagm.ca\/fr\/wp-json\/wp\/v2\/types\/page"}],"author":[{"embeddable":true,"href":"https:\/\/cipmm-icagm.ca\/fr\/wp-json\/wp\/v2\/users\/2"}],"replies":[{"embeddable":true,"href":"https:\/\/cipmm-icagm.ca\/fr\/wp-json\/wp\/v2\/comments?post=64914"}],"version-history":[{"count":6,"href":"https:\/\/cipmm-icagm.ca\/fr\/wp-json\/wp\/v2\/pages\/64914\/revisions"}],"predecessor-version":[{"id":65331,"href":"https:\/\/cipmm-icagm.ca\/fr\/wp-json\/wp\/v2\/pages\/64914\/revisions\/65331"}],"wp:attachment":[{"href":"https:\/\/cipmm-icagm.ca\/fr\/wp-json\/wp\/v2\/media?parent=64914"}],"curies":[{"name":"wp","href":"https:\/\/api.w.org\/{rel}","templated":true}]}}