{"id":64675,"date":"2023-08-28T10:44:44","date_gmt":"2023-08-28T14:44:44","guid":{"rendered":"https:\/\/cipmm-icagm.ca\/job-fair\/"},"modified":"2023-12-22T09:10:46","modified_gmt":"2023-12-22T14:10:46","slug":"salon-de-lemploi","status":"publish","type":"page","link":"https:\/\/cipmm-icagm.ca\/fr\/salon-de-lemploi\/","title":{"rendered":"Salon de l\u2019emploi"},"content":{"rendered":"[et_pb_section fb_built=\u00a0\u00bb1&Prime; fullwidth=\u00a0\u00bbon\u00a0\u00bb _builder_version=\u00a0\u00bb4.16&Prime; custom_margin=\u00a0\u00bb-107px||\u00a0\u00bb global_colors_info=\u00a0\u00bb{}\u00a0\u00bb][et_pb_fullwidth_code _builder_version=\u00a0\u00bb4.18.0&Prime; global_colors_info=\u00a0\u00bb{}\u00a0\u00bb]\n\t\t\t<!-- START Salon de l\u2019emploi REVOLUTION SLIDER 6.6.3 --><p class=\"rs-p-wp-fix\"><\/p>\n\t\t\t<rs-module-wrap id=\"rev_slider_116_1_wrapper\" data-source=\"gallery\" style=\"visibility:hidden;background:transparent;padding:0;margin:0px auto;margin-top:0;margin-bottom:0;\">\n\t\t\t\t<rs-module id=\"rev_slider_116_1\" style=\"\" data-version=\"6.6.3\">\n\t\t\t\t\t<rs-slides style=\"overflow: hidden; position: absolute;\">\n\t\t\t\t\t\t<rs-slide style=\"position: absolute;\" data-key=\"rs-204\" data-title=\"Slide\" data-in=\"o:0;\" data-out=\"a:false;\">\n\t\t\t\t\t\t\t<img decoding=\"async\" src=\"\/\/cipmm-icagm.ca\/wp-content\/plugins\/revslider\/public\/assets\/assets\/dummy.png\" alt=\"\" title=\"bg-job\" width=\"1632\" height=\"434\" class=\"rev-slidebg tp-rs-img rs-lazyload\" data-lazyload=\"\/\/cipmm-icagm.ca\/wp-content\/uploads\/2023\/09\/bg-job.png\" data-no-retina>\n<!--\n\t\t\t\t\t\t\t--><rs-layer\n\t\t\t\t\t\t\t\tid=\"slider-116-slide-204-layer-3\" \n\t\t\t\t\t\t\t\tdata-type=\"text\"\n\t\t\t\t\t\t\t\tdata-color=\"#fff\"\n\t\t\t\t\t\t\t\tdata-rsp_ch=\"on\"\n\t\t\t\t\t\t\t\tdata-xy=\"x:c;y:161px;\"\n\t\t\t\t\t\t\t\tdata-text=\"w:normal;s:64;l:68;ls:0px;fw:700;\"\n\t\t\t\t\t\t\t\tdata-frame_0=\"x:-97px;\"\n\t\t\t\t\t\t\t\tdata-frame_1=\"sp:1000;\"\n\t\t\t\t\t\t\t\tdata-frame_999=\"o:0;st:w;sR:8000;\"\n\t\t\t\t\t\t\t\tstyle=\"z-index:10;font-family:'Raleway';\"\n\t\t\t\t\t\t\t>Salon de l\u2019emploi \n\t\t\t\t\t\t\t<\/rs-layer><!--\n\n\t\t\t\t\t\t\t--><rs-layer\n\t\t\t\t\t\t\t\tid=\"slider-116-slide-204-layer-8\" \n\t\t\t\t\t\t\t\tdata-type=\"shape\"\n\t\t\t\t\t\t\t\tdata-rsp_ch=\"on\"\n\t\t\t\t\t\t\t\tdata-xy=\"x:c;y:-79px;\"\n\t\t\t\t\t\t\t\tdata-text=\"w:normal;\"\n\t\t\t\t\t\t\t\tdata-dim=\"w:4698px;h:176;\"\n\t\t\t\t\t\t\t\tdata-frame_0=\"y:top;\"\n\t\t\t\t\t\t\t\tdata-frame_1=\"sp:1000;\"\n\t\t\t\t\t\t\t\tdata-frame_999=\"o:0;st:w;sR:8000;\"\n\t\t\t\t\t\t\t\tstyle=\"z-index:11;background-color:rgba(0,0,0,0.75);\"\n\t\t\t\t\t\t\t> \n\t\t\t\t\t\t\t<\/rs-layer><!--\n-->\t\t\t\t\t\t<\/rs-slide>\n\t\t\t\t\t<\/rs-slides>\n\t\t\t\t<\/rs-module>\n\t\t\t\t<script>\n\t\t\t\t\tsetREVStartSize({c: 'rev_slider_116_1',rl:[1240,1024,778,480],el:[300],gw:[1440],gh:[300],type:'standard',justify:'',layout:'fullwidth',mh:\"0\"});if (window.RS_MODULES!==undefined && window.RS_MODULES.modules!==undefined && window.RS_MODULES.modules[\"revslider1161\"]!==undefined) {window.RS_MODULES.modules[\"revslider1161\"].once = false;window.revapi116 = undefined;if (window.RS_MODULES.checkMinimal!==undefined) window.RS_MODULES.checkMinimal()}\n\t\t\t\t<\/script>\n\t\t\t<\/rs-module-wrap>\n\t\t\t<!-- END REVOLUTION SLIDER -->\n[\/et_pb_fullwidth_code][\/et_pb_section][et_pb_section fb_built=\u00a0\u00bb1&Prime; custom_padding_last_edited=\u00a0\u00bbon|desktop\u00a0\u00bb admin_label=\u00a0\u00bb#13 Content\u00a0\u00bb _builder_version=\u00a0\u00bb4.16&Prime; background_image=\u00a0\u00bbhttps:\/\/cipmm-icagm.ca\/wp-content\/uploads\/2019\/08\/background.png\u00a0\u00bb custom_padding=\u00a0\u00bb||9px|||\u00a0\u00bb custom_padding_tablet=\u00a0\u00bb50px|0|50px|0&Prime; custom_padding_phone=\u00a0\u00bb\u00a0\u00bb z_index_tablet=\u00a0\u00bb500&Prime; box_shadow_horizontal_tablet=\u00a0\u00bb0px\u00a0\u00bb box_shadow_vertical_tablet=\u00a0\u00bb0px\u00a0\u00bb box_shadow_blur_tablet=\u00a0\u00bb40px\u00a0\u00bb box_shadow_spread_tablet=\u00a0\u00bb0px\u00a0\u00bb transparent_background=\u00a0\u00bboff\u00a0\u00bb collapsed=\u00a0\u00bboff\u00a0\u00bb global_colors_info=\u00a0\u00bb{}\u00a0\u00bb][et_pb_row _builder_version=\u00a0\u00bb4.16&Prime; custom_margin=\u00a0\u00bb|auto|-9px|auto||\u00a0\u00bb custom_padding=\u00a0\u00bb0px||5px|||\u00a0\u00bb global_colors_info=\u00a0\u00bb{}\u00a0\u00bb][et_pb_column type=\u00a0\u00bb4_4&Prime; _builder_version=\u00a0\u00bb4.16&Prime; custom_padding=\u00a0\u00bb|||\u00a0\u00bb global_colors_info=\u00a0\u00bb{}\u00a0\u00bb custom_padding__hover=\u00a0\u00bb|||\u00a0\u00bb][et_pb_divider show_divider=\u00a0\u00bboff\u00a0\u00bb _builder_version=\u00a0\u00bb4.18.0&Prime; _module_preset=\u00a0\u00bbdefault\u00a0\u00bb custom_margin=\u00a0\u00bb50px||||false|false\u00a0\u00bb global_colors_info=\u00a0\u00bb{}\u00a0\u00bb][\/et_pb_divider][et_pb_text _builder_version=\u00a0\u00bb4.23.1&Prime; _module_preset=\u00a0\u00bbdefault\u00a0\u00bb global_colors_info=\u00a0\u00bb{}\u00a0\u00bb]\n<h2><span style=\"font-weight: 400;\">Salon de l&#8217;emploi I\u2019ICAGM\/SCT 2023<\/span><\/h2>\n<div class=\"su-button-center\"><a href=\"https:\/\/www.facebook.com\/media\/set\/?set=a.762386102586612&#038;type=3\" class=\"su-button su-button-style-soft su-button-wide\" style=\"color:#000000;background-color:#9ecede;border-color:#7fa5b2;border-radius:0px;-moz-border-radius:0px;-webkit-border-radius:0px\" target=\"__blank\"><span style=\"color:#000000;padding:0px 22px;font-size:17px;line-height:34px;border-color:#bcdde8;border-radius:0px;-moz-border-radius:0px;-webkit-border-radius:0px;text-shadow:none;-moz-text-shadow:none;-webkit-text-shadow:none\"> <strong>Faits saillants du Salon de l\u2019emploi 2023<\/strong><\/span><\/a><\/div>\n[\/et_pb_text][et_pb_text _builder_version=\u00a0\u00bb4.18.0&Prime; _module_preset=\u00a0\u00bbdefault\u00a0\u00bb global_colors_info=\u00a0\u00bb{}\u00a0\u00bb]\n<p><span style=\"font-weight: 400;\">Parall\u00e8lement \u00e0 la c\u00e9l\u00e9bration communautaire du 28\u00a0novembre au Centre de conf\u00e9rences et d\u2019\u00e9v\u00e9nements d\u2019Ottawa, l\u2019ICAGM s\u2019est associ\u00e9e au Bureau de d\u00e9veloppement communautaire du Secr\u00e9tariat du Conseil du Tr\u00e9sor (SCT-BDC) pour organiser un salon de l\u2019emploi pour les communaut\u00e9s de l\u2019approvisionnement et de la gestion du mat\u00e9riel. Cet \u00e9v\u00e9nement de r\u00e9seautage informel est gratuit pour les deux minist\u00e8res et pour ceux qui visent une carri\u00e8re dans l\u2019environnement de la gestion de la cha\u00eene d\u2019approvisionnement f\u00e9d\u00e9rale comme moyen d\u2019aider \u00e0 \u00e9tablir des liens et \u00e0 renforcer les capacit\u00e9s au sein de la fonction publique.<\/span><\/p>\n<p><b>Date ?<\/b><b><br \/><\/b><span style=\"font-weight: 400;\">Le 28 novembre 2023, de 14 h 00 a 16h 30.<\/span><\/p>\n<p><b>Lieu ?<\/b><b><br \/><\/b><span style=\"font-weight: 400;\">Le Centre de conf\u00e9rences et d\u2019\u00e9v\u00e9nements d\u2019Ottawa<\/span><span style=\"font-weight: 400;\"><br \/><\/span><span style=\"font-weight: 400;\">200, chemin Coventry, Ottawa (Ontario), Salle\u00a0118C<\/span><span style=\"font-weight: 400;\"><br \/><\/span><span style=\"font-weight: 400;\">(Stationnement int\u00e9rieur et ext\u00e9rieur gratuit sur place)<\/span><\/p>\n<p><b>Enregistrement ?<br \/><\/b><span style=\"font-weight: 400;\">Il s\u2019agit d\u2019un \u00e9v\u00e9nement GRATUIT, mais l&rsquo;inscription pr\u00e9alable est requise avant le 20 novembre 2023 \u00e0 l&rsquo;adresse <\/span><a href=\"mailto:cdo-tbs-bdc-sct@tbs-sct.gc.ca\"><span style=\"font-weight: 400;\">cdo-tbs-bdc-sct@tbs-sct.gc.ca<\/span><\/a><span style=\"font-weight: 400;\">. Il s\u2019agit d\u2019un \u00e9v\u00e9nement en personne<\/span><b>\u00a0<\/b><span style=\"font-weight: 400;\">seulement.<\/span><\/p>\n<p><b>Qui sera pr\u00e9sent pour cibler des talents en gestion de cha\u00eene d\u2019approvisionnement\u00a0?<br \/><\/b><span style=\"font-weight: 400;\">Minist\u00e8res et organismes f\u00e9d\u00e9raux \u00e0 la recherche de talents dans les fonctions d\u2019approvisionnement et de gestion du mat\u00e9riel.<\/span><\/p>\n<p><b>Qui devrait y assister ?<br \/><\/b><span style=\"font-weight: 400;\">\u00c9tudiants, fonctionnaires, secteur priv\u00e9 et toute autre personne int\u00e9ress\u00e9e \u00e0 poursuivre une carri\u00e8re dans la gestion de la cha\u00eene d\u2019approvisionnement f\u00e9d\u00e9rale. Les personnes pr\u00e9sentes sont encourag\u00e9es \u00e0 envoyer leur CV \u00e0 l\u2019avance au SCT-BDC afin qu\u2019il puisse \u00eatre distribu\u00e9 \u00e0 l\u2019avance aux minist\u00e8res participants.<\/span><\/p>\n<p><span style=\"font-weight: 400;\">Pour plus d\u2019information sur comment r\u00e9server une table minist\u00e9rielle ou assister \u00e0 cet \u00e9v\u00e9nement, veuillez communiquer avec le SCT-BDC par courriel \u00e0\u00a0<\/span><a href=\"mailto:cdo-tbs-bdc-sct@tbs-sct.gc.ca\"><span style=\"font-weight: 400;\">cdo-tbs-bdc-sct@tbs-sct.gc.ca<\/span><\/a><span style=\"font-weight: 400;\">.\u00a0<\/span><\/p>\n<p><span style=\"font-weight: 400;\">Ne manquez pas cette excellente occasion de trouver des talents pour votre minist\u00e8re ou de faire progresser votre carri\u00e8re dans la gestion de la cha\u00eene d\u2019approvisionnement f\u00e9d\u00e9rale !<\/span><\/p>\n[\/et_pb_text][et_pb_divider show_divider=\u00a0\u00bboff\u00a0\u00bb _builder_version=\u00a0\u00bb4.18.0&Prime; _module_preset=\u00a0\u00bbdefault\u00a0\u00bb custom_margin=\u00a0\u00bb50px||||false|false\u00a0\u00bb global_colors_info=\u00a0\u00bb{}\u00a0\u00bb][\/et_pb_divider][\/et_pb_column][\/et_pb_row][\/et_pb_section]\n","protected":false},"excerpt":{"rendered":"<p>\n\t\t\t<!-- START Salon de l\u2019emploi REVOLUTION SLIDER 6.6.3 --><\/p>\n<p class=\"rs-p-wp-fix\">\n<p>\t\t\t<rs-module-wrap id=\"rev_slider_116_2_wrapper\" data-source=\"gallery\" style=\"visibility:hidden;background:transparent;padding:0;margin:0px auto;margin-top:0;margin-bottom:0;\"><br \/>\n\t\t\t\t<rs-module id=\"rev_slider_116_2\" style=\"\" data-version=\"6.6.3\"><br \/>\n\t\t\t\t\t<rs-slides style=\"overflow: hidden; position: absolute;\"><br \/>\n\t\t\t\t\t\t<rs-slide style=\"position: absolute;\" data-key=\"rs-204\" data-title=\"Slide\" data-in=\"o:0;\" data-out=\"a:false;\"><br \/>\n\t\t\t\t\t\t\t<img decoding=\"async\" src=\"\/\/cipmm-icagm.ca\/wp-content\/plugins\/revslider\/public\/assets\/assets\/dummy.png\" alt=\"\" title=\"bg-job\" width=\"1632\" height=\"434\" class=\"rev-slidebg tp-rs-img rs-lazyload\" data-lazyload=\"\/\/cipmm-icagm.ca\/wp-content\/uploads\/2023\/09\/bg-job.png\" data-no-retina><br \/>\n<!--\n\t\t\t\t\t\t\t--><rs-layer\n\t\t\t\t\t\t\t\tid=\"slider-116-slide-204-layer-3\" \n\t\t\t\t\t\t\t\tdata-type=\"text\"\n\t\t\t\t\t\t\t\tdata-color=\"#fff\"\n\t\t\t\t\t\t\t\tdata-rsp_ch=\"on\"\n\t\t\t\t\t\t\t\tdata-xy=\"x:c;y:161px;\"\n\t\t\t\t\t\t\t\tdata-text=\"w:normal;s:64;l:68;ls:0px;fw:700;\"\n\t\t\t\t\t\t\t\tdata-frame_0=\"x:-97px;\"\n\t\t\t\t\t\t\t\tdata-frame_1=\"sp:1000;\"\n\t\t\t\t\t\t\t\tdata-frame_999=\"o:0;st:w;sR:8000;\"\n\t\t\t\t\t\t\t\tstyle=\"z-index:10;font-family:'Raleway';\"\n\t\t\t\t\t\t\t>Salon de l\u2019emploi<br \/>\n\t\t\t\t\t\t\t<\/rs-layer><!--\n\n\t\t\t\t\t\t\t--><rs-layer\n\t\t\t\t\t\t\t\tid=\"slider-116-slide-204-layer-8\" \n\t\t\t\t\t\t\t\tdata-type=\"shape\"\n\t\t\t\t\t\t\t\tdata-rsp_ch=\"on\"\n\t\t\t\t\t\t\t\tdata-xy=\"x:c;y:-79px;\"\n\t\t\t\t\t\t\t\tdata-text=\"w:normal;\"\n\t\t\t\t\t\t\t\tdata-dim=\"w:4698px;h:176;\"\n\t\t\t\t\t\t\t\tdata-frame_0=\"y:top;\"\n\t\t\t\t\t\t\t\tdata-frame_1=\"sp:1000;\"\n\t\t\t\t\t\t\t\tdata-frame_999=\"o:0;st:w;sR:8000;\"\n\t\t\t\t\t\t\t\tstyle=\"z-index:11;background-color:rgba(0,0,0,0.75);\"\n\t\t\t\t\t\t\t><br \/>\n\t\t\t\t\t\t\t<\/rs-layer><!--\n-->\t\t\t\t\t\t<\/rs-slide><br \/>\n\t\t\t\t\t<\/rs-slides><br \/>\n\t\t\t\t<\/rs-module><br \/>\n\t\t\t\t<script>\n\t\t\t\t\tsetREVStartSize({c: 'rev_slider_116_2',rl:[1240,1024,778,480],el:[300],gw:[1440],gh:[300],type:'standard',justify:'',layout:'fullwidth',mh:\"0\"});if (window.RS_MODULES!==undefined && window.RS_MODULES.modules!==undefined && window.RS_MODULES.modules[\"revslider1162\"]!==undefined) {window.RS_MODULES.modules[\"revslider1162\"].once = false;window.revapi116_2 = undefined;if (window.RS_MODULES.checkMinimal!==undefined) window.RS_MODULES.checkMinimal()}\n\t\t\t\t<\/script><br \/>\n\t\t\t<\/rs-module-wrap><br \/>\n\t\t\t<!-- END REVOLUTION SLIDER --><br \/>\nSalon de l&#8217;emploi I\u2019ICAGM\/SCT 2023 <\/p>\n<div class=\"su-button-center\"><a href=\"https:\/\/www.facebook.com\/media\/set\/?set=a.762386102586612&#038;type=3\" class=\"su-button su-button-style-soft su-button-wide\" style=\"color:#000000;background-color:#9ecede;border-color:#7fa5b2;border-radius:0px;-moz-border-radius:0px;-webkit-border-radius:0px\" target=\"__blank\"><span style=\"color:#000000;padding:0px 22px;font-size:17px;line-height:34px;border-color:#bcdde8;border-radius:0px;-moz-border-radius:0px;-webkit-border-radius:0px;text-shadow:none;-moz-text-shadow:none;-webkit-text-shadow:none\"> Faits saillants du Salon de l\u2019emploi 2023<\/span><\/a><\/div>\n<p>Parall\u00e8lement \u00e0 la c\u00e9l\u00e9bration communautaire du 28\u00a0novembre au Centre de conf\u00e9rences et d\u2019\u00e9v\u00e9nements d\u2019Ottawa, l\u2019ICAGM s\u2019est associ\u00e9e au Bureau de d\u00e9veloppement communautaire du Secr\u00e9tariat du [&hellip;]<\/p>\n","protected":false},"author":2,"featured_media":0,"parent":0,"menu_order":0,"comment_status":"closed","ping_status":"closed","template":"","meta":{"_et_pb_use_builder":"on","_et_pb_old_content":"","_et_gb_content_width":"","footnotes":""},"_links":{"self":[{"href":"https:\/\/cipmm-icagm.ca\/fr\/wp-json\/wp\/v2\/pages\/64675"}],"collection":[{"href":"https:\/\/cipmm-icagm.ca\/fr\/wp-json\/wp\/v2\/pages"}],"about":[{"href":"https:\/\/cipmm-icagm.ca\/fr\/wp-json\/wp\/v2\/types\/page"}],"author":[{"embeddable":true,"href":"https:\/\/cipmm-icagm.ca\/fr\/wp-json\/wp\/v2\/users\/2"}],"replies":[{"embeddable":true,"href":"https:\/\/cipmm-icagm.ca\/fr\/wp-json\/wp\/v2\/comments?post=64675"}],"version-history":[{"count":11,"href":"https:\/\/cipmm-icagm.ca\/fr\/wp-json\/wp\/v2\/pages\/64675\/revisions"}],"predecessor-version":[{"id":66694,"href":"https:\/\/cipmm-icagm.ca\/fr\/wp-json\/wp\/v2\/pages\/64675\/revisions\/66694"}],"wp:attachment":[{"href":"https:\/\/cipmm-icagm.ca\/fr\/wp-json\/wp\/v2\/media?parent=64675"}],"curies":[{"name":"wp","href":"https:\/\/api.w.org\/{rel}","templated":true}]}}