{"id":50420,"date":"2019-12-02T11:20:56","date_gmt":"2019-12-02T16:20:56","guid":{"rendered":"https:\/\/cipmm-icagm.ca\/?page_id=50420"},"modified":"2019-12-02T11:23:21","modified_gmt":"2019-12-02T16:23:21","slug":"autres-evenements","status":"publish","type":"page","link":"https:\/\/cipmm-icagm.ca\/en\/autres-evenements\/","title":{"rendered":"Autres \u00e9v\u00e9nements"},"content":{"rendered":"[et_pb_section fb_built=&#8221;1&#8243; fullwidth=&#8221;on&#8221; _builder_version=&#8221;3.24&#8243; custom_margin=&#8221;-107px||&#8221;][et_pb_fullwidth_code _builder_version=&#8221;3.24&#8243; custom_margin=&#8221;||0px|||&#8221; custom_padding=&#8221;0px|||||&#8221;]\n\t\t\t<!-- START Autres \u00e9v\u00e9nements REVOLUTION SLIDER 6.6.3 --><p class=\"rs-p-wp-fix\"><\/p>\n\t\t\t<rs-module-wrap id=\"rev_slider_45_1_wrapper\" data-source=\"gallery\" style=\"visibility:hidden;background:transparent;padding:0;margin:0px auto;margin-top:0;margin-bottom:0;\">\n\t\t\t\t<rs-module id=\"rev_slider_45_1\" style=\"\" data-version=\"6.6.3\">\n\t\t\t\t\t<rs-slides style=\"overflow: hidden; position: absolute;\">\n\t\t\t\t\t\t<rs-slide style=\"position: absolute;\" data-key=\"rs-50\" data-title=\"Slide\" data-in=\"o:0;\" data-out=\"a:false;\">\n\t\t\t\t\t\t\t<img decoding=\"async\" src=\"\/\/cipmm-icagm.ca\/wp-content\/plugins\/revslider\/public\/assets\/assets\/dummy.png\" alt=\"Slide\" title=\"Autres \u00e9v\u00e9nements\" class=\"rev-slidebg tp-rs-img rs-lazyload\" data-lazyload=\"\/\/cipmm-icagm.ca\/wp-content\/plugins\/revslider\/public\/assets\/assets\/transparent.png\" data-bg=\"c:linear-gradient(rgba(0,28,26,1) 0%, rgba(23,149,198,1) 100%);\" data-no-retina>\n<!--\n\t\t\t\t\t\t\t--><rs-layer\n\t\t\t\t\t\t\t\tid=\"slider-45-slide-50-layer-3\" \n\t\t\t\t\t\t\t\tdata-type=\"text\"\n\t\t\t\t\t\t\t\tdata-color=\"#ffffff\"\n\t\t\t\t\t\t\t\tdata-rsp_ch=\"on\"\n\t\t\t\t\t\t\t\tdata-xy=\"x:302px;y:156px;\"\n\t\t\t\t\t\t\t\tdata-text=\"w:normal;s:64;l:68;ls:0px;fw:700;\"\n\t\t\t\t\t\t\t\tdata-frame_0=\"x:-97px;\"\n\t\t\t\t\t\t\t\tdata-frame_1=\"st:1260;sp:1000;sR:1260;\"\n\t\t\t\t\t\t\t\tdata-frame_999=\"o:0;st:w;sR:6740;\"\n\t\t\t\t\t\t\t\tstyle=\"z-index:9;font-family:'Raleway';\"\n\t\t\t\t\t\t\t>\u00c9v\u00e9nements du Conseil R\u00e9gional \n\t\t\t\t\t\t\t<\/rs-layer><!--\n\n\t\t\t\t\t\t\t--><rs-layer\n\t\t\t\t\t\t\t\tid=\"slider-45-slide-50-layer-7\" \n\t\t\t\t\t\t\t\tdata-type=\"image\"\n\t\t\t\t\t\t\t\tdata-rsp_ch=\"on\"\n\t\t\t\t\t\t\t\tdata-xy=\"x:146px;y:126px;\"\n\t\t\t\t\t\t\t\tdata-text=\"w:normal;\"\n\t\t\t\t\t\t\t\tdata-dim=\"w:145px;h:114px;\"\n\t\t\t\t\t\t\t\tdata-frame_0=\"sX:0.9;sY:0.9;\"\n\t\t\t\t\t\t\t\tdata-frame_1=\"sp:1000;\"\n\t\t\t\t\t\t\t\tdata-frame_999=\"o:0;st:w;\"\n\t\t\t\t\t\t\t\tstyle=\"z-index:11;\"\n\t\t\t\t\t\t\t><img decoding=\"async\" src=\"\/\/cipmm-icagm.ca\/wp-content\/plugins\/revslider\/public\/assets\/assets\/dummy.png\" alt=\"\" class=\"tp-rs-img rs-lazyload\" width=\"1928\" height=\"1513\" data-lazyload=\"\/\/cipmm-icagm.ca\/wp-content\/uploads\/2019\/12\/other_event_icon.png\" data-no-retina> \n\t\t\t\t\t\t\t<\/rs-layer><!--\n\n\t\t\t\t\t\t\t--><rs-layer\n\t\t\t\t\t\t\t\tid=\"slider-45-slide-50-layer-8\" \n\t\t\t\t\t\t\t\tdata-type=\"shape\"\n\t\t\t\t\t\t\t\tdata-rsp_ch=\"on\"\n\t\t\t\t\t\t\t\tdata-xy=\"x:-449px;y:-79px;\"\n\t\t\t\t\t\t\t\tdata-text=\"w:normal;\"\n\t\t\t\t\t\t\t\tdata-dim=\"w:2367px;h:176;\"\n\t\t\t\t\t\t\t\tdata-frame_0=\"y:top;\"\n\t\t\t\t\t\t\t\tdata-frame_1=\"sp:1000;\"\n\t\t\t\t\t\t\t\tdata-frame_999=\"o:0;st:w;sR:8000;\"\n\t\t\t\t\t\t\t\tstyle=\"z-index:10;background-color:rgba(0,0,0,0.75);\"\n\t\t\t\t\t\t\t> \n\t\t\t\t\t\t\t<\/rs-layer><!--\n\n\t\t\t\t\t\t\t--><rs-layer\n\t\t\t\t\t\t\t\tid=\"slider-45-slide-50-layer-11\" \n\t\t\t\t\t\t\t\tdata-type=\"image\"\n\t\t\t\t\t\t\t\tdata-rsp_ch=\"on\"\n\t\t\t\t\t\t\t\tdata-xy=\"x:-302px;y:-83px;\"\n\t\t\t\t\t\t\t\tdata-text=\"w:normal;\"\n\t\t\t\t\t\t\t\tdata-dim=\"w:2281px;h:416px;\"\n\t\t\t\t\t\t\t\tdata-frame_999=\"o:0;st:w;sR:8700;\"\n\t\t\t\t\t\t\t\tstyle=\"z-index:8;\"\n\t\t\t\t\t\t\t><img decoding=\"async\" src=\"\/\/cipmm-icagm.ca\/wp-content\/plugins\/revslider\/public\/assets\/assets\/dummy.png\" alt=\"\" class=\"tp-rs-img rs-lazyload\" width=\"1920\" height=\"350\" data-lazyload=\"\/\/cipmm-icagm.ca\/wp-content\/uploads\/2019\/08\/Hub_header.png\" data-no-retina> \n\t\t\t\t\t\t\t<\/rs-layer><!--\n-->\t\t\t\t\t\t<\/rs-slide>\n\t\t\t\t\t<\/rs-slides>\n\t\t\t\t<\/rs-module>\n\t\t\t\t<script>\n\t\t\t\t\tsetREVStartSize({c: 'rev_slider_45_1',rl:[1240,1024,778,480],el:[250],gw:[1440],gh:[250],type:'standard',justify:'',layout:'fullwidth',mh:\"0\"});if (window.RS_MODULES!==undefined && window.RS_MODULES.modules!==undefined && window.RS_MODULES.modules[\"revslider451\"]!==undefined) {window.RS_MODULES.modules[\"revslider451\"].once = false;window.revapi45 = undefined;if (window.RS_MODULES.checkMinimal!==undefined) window.RS_MODULES.checkMinimal()}\n\t\t\t\t<\/script>\n\t\t\t<\/rs-module-wrap>\n\t\t\t<!-- END REVOLUTION SLIDER -->\n[\/et_pb_fullwidth_code][\/et_pb_section][et_pb_section fb_built=&#8221;1&#8243; _builder_version=&#8221;3.24&#8243;][et_pb_row _builder_version=&#8221;3.24&#8243;][et_pb_column type=&#8221;4_4&#8243; _builder_version=&#8221;3.24&#8243;][et_pb_image src=&#8221;https:\/\/cipmm-icagm.ca\/wp-content\/uploads\/2019\/12\/French-header.jpg&#8221; _builder_version=&#8221;3.24&#8243;][\/et_pb_image][\/et_pb_column][\/et_pb_row][et_pb_row _builder_version=&#8221;3.24&#8243;][et_pb_column type=&#8221;4_4&#8243; _builder_version=&#8221;3.24&#8243;][et_pb_text _builder_version=&#8221;3.24&#8243;]\n<p><span style=\"font-weight: 400;\">L\u2019ICAGM en partenariat avec Services publics et Approvisionnement Canada (SPAC), r\u00e9gion de l\u2019ouest, l\u2019\u00e9cole d\u2019approvisionnement est heureuse d\u2019annoncer la session \u00ab\u00a0Apprendre au lever du soleil\u00a0\u00bb<\/span><\/p>\n<p><b>\u00a0<\/b><\/p>\n<p><b>\u201cApprendre s\u2019engager et explorer. Comment am\u00e9liorer mon sens des affaires en une matin\u00e9e\u00a0\u00bb\u00a0!<\/b><\/p>\n<p><b>\u00a0<\/b><\/p>\n<p><span style=\"font-weight: 400;\">Les\u00a0profils de comp\u00e9tences en approvisionnement du gouvernement du Canada ont \u00e9t\u00e9 mis \u00e0 jour pour inclure 5 nouvelles comp\u00e9tences techniques: Sens aigu des affaires; Analyse des donn\u00e9es; N\u00e9gociations; Gestion de projet et gestion des risques. Prenez en charge votre carri\u00e8re en approvisionnement en participant \u00e0 cette activit\u00e9 d&#8217;apprentissage matinale.<\/span><\/p>\n<p><span style=\"font-weight: 400;\">\u00a0<\/span><\/p>\n<p><span style=\"font-weight: 400;\">L\u2019\u00e9v\u00e9nement aura lieu au\u00a0Mus\u00e9e canadien pour les droits de l\u2019Homme situ\u00e9 \u00e0 La Fourche, dans le centre-ville de Winnipeg, \u00e0 la crois\u00e9e des rivi\u00e8res Rouge et Assiniboine. Le mus\u00e9e se trouve sur des terres riches en histoire et en signification ancestrale. Pendant des milliers d&#8217;ann\u00e9es, les peuples autochtones ont suivi ses voies navigables pour le r\u00e9tablissement de la paix, le dialogue et le commerce. Aujourd&#8217;hui, cette terre ancestrale continue d&#8217;\u00eatre un lieu de rencontre pour \u00e9changer des id\u00e9es.<\/span><\/p>\n<p><span style=\"font-weight: 400;\">\u00a0<\/span><\/p>\n<p><span style=\"font-weight: 400;\">Vous\u00a0vous connecterez et \u00e9changerez des id\u00e9es avec vos coll\u00e8gues en travaillant \u00e0 travers une \u00e9tude de cas de simulation qui aborde sp\u00e9cifiquement la valeur de l&#8217;application d&#8217;un bon sens des affaires. Le sens des affaires repose sur la compr\u00e9hension de la mani\u00e8re dont l&#8217;industrie et le gouvernement du Canada travaillent pour atteindre les buts et objectifs. Il inclut \u00e9galement les principes de gestion des risques qui sont appliqu\u00e9s \u00e0 toutes les \u00e9tapes du processus d&#8217;approvisionnement, o\u00f9 nous \u00e9valuons et contr\u00f4lons les menaces qui affectent les r\u00e9sultats. Le r\u00e9sultat est de prendre des d\u00e9cisions fond\u00e9es sur des preuves lorsque des \u00e9l\u00e9ments de risque sont assum\u00e9s, \u00e9vit\u00e9s, transf\u00e9r\u00e9s, att\u00e9nu\u00e9s, partag\u00e9s et compens\u00e9s.<\/span><\/p>\n<p><span style=\"font-weight: 400;\">\u00a0<\/span><\/p>\n<p><b>Les avantages pour les acheteurs du gouvernement:<\/b><\/p>\n<ul>\n<li style=\"font-weight: 400;\"><span style=\"font-weight: 400;\">Avoir une compr\u00e9hension et une connaissance claires des\u00a0nouvelles comp\u00e9tences techniques.<\/span><\/li>\n<li style=\"font-weight: 400;\"><span style=\"font-weight: 400;\">\u00catre capable de comprendre comment vous pouvez d\u00e9velopper les comp\u00e9tences correspondant \u00e0 vos comp\u00e9tences<\/span><\/li>\n<li style=\"font-weight: 400;\"><span style=\"font-weight: 400;\">\u00catre capable \u00e0 appliquer affaires sp\u00e9cifiquement un sens aigu des meilleures pratiques \u00e0 l&#8217;approvisionnement.<\/span><\/li>\n<\/ul>\n<p><b>Les pr\u00e9sentateurs:<\/b><\/p>\n<p><b>L\u2019h\u00f4te<\/b><span style=\"font-weight: 400;\">:\u00a0Robyn Henry, Gestionnaire, conseils aux entreprises, SPAC, r\u00e9gion de l\u2019ouest<\/span><\/p>\n<p><b>Facilitateur:\u00a0<\/b><span style=\"font-weight: 400;\">Al Garlinski, formateur r\u00e9gional, SPAC, r\u00e9gion de l\u2019ouest, \u00e9cole d\u2019approvisionnement.<\/span><\/p>\n<p><span style=\"font-weight: 400;\">\u00a0<\/span><\/p>\n<p><b>Inscription:<\/b><\/p>\n<p><span style=\"font-weight: 400;\">La pr\u00e9-inscription est requise. Les\u00a0places sont limit\u00e9es \u00e0 40 participants.\u00a0La s\u00e9ance est gratuite, aucun paiement n\u2019est requis.\u00a0Un petit d\u00e9jeuner continental sera servi.<\/span><\/p>\n<p><span style=\"font-weight: 400;\">Contactez Lily Dimaili \u00e0 l\u2019\u00e9cole d\u2019approvisionnent de SPAC:\u00a0<\/span><span style=\"font-weight: 400;\">Lily.Dimailig@pwgsc-tpsgc.gc.ca<\/span><span style=\"font-weight: 400;\">\u00a0pour vous inscrire \u00e0 l\u2019\u00e9v\u00e8nement ou si vous avez des questions.<\/span><\/p>\n<p><span style=\"font-weight: 400;\">\u00a0<\/span><\/p>\n<p><b>Date:\u00a0<\/b><\/p>\n<p><span style=\"font-weight: 400;\">Lundi le 02 mars 2020<\/span><\/p>\n<p><span style=\"font-weight: 400;\">\u00a0<\/span><\/p>\n<p><b>Heure:<\/b><\/p>\n<p><span style=\"font-weight: 400;\">8h00 \u00a0\u2013 11h30<\/span><\/p>\n<p><span style=\"font-weight: 400;\">\u00a0<\/span><\/p>\n<p><b>Lieu:\u00a0<\/b><\/p>\n<p><span style=\"font-weight: 400;\">Mus\u00e9e canadien pour les droits de la personne<\/span><\/p>\n<p><span style=\"font-weight: 400;\">85 Israel Asper Way<\/span><\/p>\n<p><span style=\"font-weight: 400;\">Winnipeg, Manitoba<\/span><\/p>\n<p><span style=\"font-weight: 400;\">R3C 0L5<\/span><\/p>\n<p><span style=\"font-weight: 400;\">\u00a0<\/span><\/p>\n<p><b>Agenda<\/b><\/p>\n<p><span style=\"font-weight: 400;\">7h30 \u2013 8h30 &#8211; Inscription et petit d\u00e9jeuner continental<\/span><\/p>\n<p><span style=\"font-weight: 400;\">8h30 \u2013 8h45 &#8211; Introductions<\/span><\/p>\n<p><span style=\"font-weight: 400;\">8h45 \u2013 10h45 &#8211; Exercice d\u2019\u00e9tude de cas de simulation<\/span><\/p>\n<p><span style=\"font-weight: 400;\">10h45 -11h15 &#8211; Pr\u00e9sentation des r\u00e9sultats<\/span><\/p>\n<p><span style=\"font-weight: 400;\">11h15 -11h30 &#8211; Prochaines \u00e9tapes et cl\u00f4ture<\/span><\/p>\n<p><span style=\"font-weight: 400;\">\u00a0<\/span><\/p>\n<p><span style=\"font-weight: 400;\">Apr\u00e8s l\u2019\u00e9v\u00e8nement, nous vous encourageons \u00e0 r\u00e9server une visite du mus\u00e9e. Les heures du mus\u00e9e et les prix d\u2019entr\u00e9e sont disponibles sur le lien suivant\u00a0:<\/span><\/p>\n<p><a href=\"https:\/\/droitsdelapersonne.ca\/visiter\"><span style=\"font-weight: 400;\">https:\/\/droitsdelapersonne.ca\/visiter<\/span><\/a><\/p>\n<p>&nbsp;<\/p>\n<p>&nbsp;<\/p>\n<p>&nbsp;<\/p>\n[\/et_pb_text][\/et_pb_column][\/et_pb_row][\/et_pb_section]\n","protected":false},"excerpt":{"rendered":"<p>\n\t\t\t<!-- START Autres \u00e9v\u00e9nements REVOLUTION SLIDER 6.6.3 --><\/p>\n<p class=\"rs-p-wp-fix\">\n<p>\t\t\t<rs-module-wrap id=\"rev_slider_45_2_wrapper\" data-source=\"gallery\" style=\"visibility:hidden;background:transparent;padding:0;margin:0px auto;margin-top:0;margin-bottom:0;\"><br \/>\n\t\t\t\t<rs-module id=\"rev_slider_45_2\" style=\"\" data-version=\"6.6.3\"><br \/>\n\t\t\t\t\t<rs-slides style=\"overflow: hidden; position: absolute;\"><br \/>\n\t\t\t\t\t\t<rs-slide style=\"position: absolute;\" data-key=\"rs-50\" data-title=\"Slide\" data-in=\"o:0;\" data-out=\"a:false;\"><br \/>\n\t\t\t\t\t\t\t<img decoding=\"async\" src=\"\/\/cipmm-icagm.ca\/wp-content\/plugins\/revslider\/public\/assets\/assets\/dummy.png\" alt=\"Slide\" title=\"Autres \u00e9v\u00e9nements\" class=\"rev-slidebg tp-rs-img rs-lazyload\" data-lazyload=\"\/\/cipmm-icagm.ca\/wp-content\/plugins\/revslider\/public\/assets\/assets\/transparent.png\" data-bg=\"c:linear-gradient(rgba(0,28,26,1) 0%, rgba(23,149,198,1) 100%);\" data-no-retina><br \/>\n<!--\n\t\t\t\t\t\t\t--><rs-layer\n\t\t\t\t\t\t\t\tid=\"slider-45-slide-50-layer-3\" \n\t\t\t\t\t\t\t\tdata-type=\"text\"\n\t\t\t\t\t\t\t\tdata-color=\"#ffffff\"\n\t\t\t\t\t\t\t\tdata-rsp_ch=\"on\"\n\t\t\t\t\t\t\t\tdata-xy=\"x:302px;y:156px;\"\n\t\t\t\t\t\t\t\tdata-text=\"w:normal;s:64;l:68;ls:0px;fw:700;\"\n\t\t\t\t\t\t\t\tdata-frame_0=\"x:-97px;\"\n\t\t\t\t\t\t\t\tdata-frame_1=\"st:1260;sp:1000;sR:1260;\"\n\t\t\t\t\t\t\t\tdata-frame_999=\"o:0;st:w;sR:6740;\"\n\t\t\t\t\t\t\t\tstyle=\"z-index:9;font-family:'Raleway';\"\n\t\t\t\t\t\t\t>\u00c9v\u00e9nements du Conseil R\u00e9gional<br \/>\n\t\t\t\t\t\t\t<\/rs-layer><!--\n\n\t\t\t\t\t\t\t--><rs-layer\n\t\t\t\t\t\t\t\tid=\"slider-45-slide-50-layer-7\" \n\t\t\t\t\t\t\t\tdata-type=\"image\"\n\t\t\t\t\t\t\t\tdata-rsp_ch=\"on\"\n\t\t\t\t\t\t\t\tdata-xy=\"x:146px;y:126px;\"\n\t\t\t\t\t\t\t\tdata-text=\"w:normal;\"\n\t\t\t\t\t\t\t\tdata-dim=\"w:145px;h:114px;\"\n\t\t\t\t\t\t\t\tdata-frame_0=\"sX:0.9;sY:0.9;\"\n\t\t\t\t\t\t\t\tdata-frame_1=\"sp:1000;\"\n\t\t\t\t\t\t\t\tdata-frame_999=\"o:0;st:w;\"\n\t\t\t\t\t\t\t\tstyle=\"z-index:11;\"\n\t\t\t\t\t\t\t><img decoding=\"async\" src=\"\/\/cipmm-icagm.ca\/wp-content\/plugins\/revslider\/public\/assets\/assets\/dummy.png\" alt=\"\" class=\"tp-rs-img rs-lazyload\" width=\"1928\" height=\"1513\" data-lazyload=\"\/\/cipmm-icagm.ca\/wp-content\/uploads\/2019\/12\/other_event_icon.png\" data-no-retina><br \/>\n\t\t\t\t\t\t\t<\/rs-layer><!--\n\n\t\t\t\t\t\t\t--><rs-layer\n\t\t\t\t\t\t\t\tid=\"slider-45-slide-50-layer-8\" \n\t\t\t\t\t\t\t\tdata-type=\"shape\"\n\t\t\t\t\t\t\t\tdata-rsp_ch=\"on\"\n\t\t\t\t\t\t\t\tdata-xy=\"x:-449px;y:-79px;\"\n\t\t\t\t\t\t\t\tdata-text=\"w:normal;\"\n\t\t\t\t\t\t\t\tdata-dim=\"w:2367px;h:176;\"\n\t\t\t\t\t\t\t\tdata-frame_0=\"y:top;\"\n\t\t\t\t\t\t\t\tdata-frame_1=\"sp:1000;\"\n\t\t\t\t\t\t\t\tdata-frame_999=\"o:0;st:w;sR:8000;\"\n\t\t\t\t\t\t\t\tstyle=\"z-index:10;background-color:rgba(0,0,0,0.75);\"\n\t\t\t\t\t\t\t><br \/>\n\t\t\t\t\t\t\t<\/rs-layer><!--\n\n\t\t\t\t\t\t\t--><rs-layer\n\t\t\t\t\t\t\t\tid=\"slider-45-slide-50-layer-11\" \n\t\t\t\t\t\t\t\tdata-type=\"image\"\n\t\t\t\t\t\t\t\tdata-rsp_ch=\"on\"\n\t\t\t\t\t\t\t\tdata-xy=\"x:-302px;y:-83px;\"\n\t\t\t\t\t\t\t\tdata-text=\"w:normal;\"\n\t\t\t\t\t\t\t\tdata-dim=\"w:2281px;h:416px;\"\n\t\t\t\t\t\t\t\tdata-frame_999=\"o:0;st:w;sR:8700;\"\n\t\t\t\t\t\t\t\tstyle=\"z-index:8;\"\n\t\t\t\t\t\t\t><img decoding=\"async\" src=\"\/\/cipmm-icagm.ca\/wp-content\/plugins\/revslider\/public\/assets\/assets\/dummy.png\" alt=\"\" class=\"tp-rs-img rs-lazyload\" width=\"1920\" height=\"350\" data-lazyload=\"\/\/cipmm-icagm.ca\/wp-content\/uploads\/2019\/08\/Hub_header.png\" data-no-retina><br \/>\n\t\t\t\t\t\t\t<\/rs-layer><!--\n-->\t\t\t\t\t\t<\/rs-slide><br \/>\n\t\t\t\t\t<\/rs-slides><br \/>\n\t\t\t\t<\/rs-module><br \/>\n\t\t\t\t<script>\n\t\t\t\t\tsetREVStartSize({c: 'rev_slider_45_2',rl:[1240,1024,778,480],el:[250],gw:[1440],gh:[250],type:'standard',justify:'',layout:'fullwidth',mh:\"0\"});if (window.RS_MODULES!==undefined && window.RS_MODULES.modules!==undefined && window.RS_MODULES.modules[\"revslider452\"]!==undefined) {window.RS_MODULES.modules[\"revslider452\"].once = false;window.revapi45_2 = undefined;if (window.RS_MODULES.checkMinimal!==undefined) window.RS_MODULES.checkMinimal()}\n\t\t\t\t<\/script><br \/>\n\t\t\t<\/rs-module-wrap><br \/>\n\t\t\t<!-- END REVOLUTION SLIDER --><br \/>\nL\u2019ICAGM en partenariat avec Services publics et Approvisionnement Canada (SPAC), r\u00e9gion de l\u2019ouest, l\u2019\u00e9cole d\u2019approvisionnement est heureuse d\u2019annoncer la session \u00ab\u00a0Apprendre au lever du soleil\u00a0\u00bb \u00a0 \u201cApprendre s\u2019engager et explorer. Comment am\u00e9liorer mon sens des affaires en une matin\u00e9e\u00a0\u00bb\u00a0! \u00a0 Les\u00a0profils de comp\u00e9tences en approvisionnement du gouvernement du Canada ont \u00e9t\u00e9 mis \u00e0 jour [&hellip;]<\/p>\n","protected":false},"author":2,"featured_media":0,"parent":0,"menu_order":0,"comment_status":"closed","ping_status":"closed","template":"","meta":{"_et_pb_use_builder":"on","_et_pb_old_content":"","_et_gb_content_width":"","footnotes":""},"_links":{"self":[{"href":"https:\/\/cipmm-icagm.ca\/en\/wp-json\/wp\/v2\/pages\/50420"}],"collection":[{"href":"https:\/\/cipmm-icagm.ca\/en\/wp-json\/wp\/v2\/pages"}],"about":[{"href":"https:\/\/cipmm-icagm.ca\/en\/wp-json\/wp\/v2\/types\/page"}],"author":[{"embeddable":true,"href":"https:\/\/cipmm-icagm.ca\/en\/wp-json\/wp\/v2\/users\/2"}],"replies":[{"embeddable":true,"href":"https:\/\/cipmm-icagm.ca\/en\/wp-json\/wp\/v2\/comments?post=50420"}],"version-history":[{"count":3,"href":"https:\/\/cipmm-icagm.ca\/en\/wp-json\/wp\/v2\/pages\/50420\/revisions"}],"predecessor-version":[{"id":50424,"href":"https:\/\/cipmm-icagm.ca\/en\/wp-json\/wp\/v2\/pages\/50420\/revisions\/50424"}],"wp:attachment":[{"href":"https:\/\/cipmm-icagm.ca\/en\/wp-json\/wp\/v2\/media?parent=50420"}],"curies":[{"name":"wp","href":"https:\/\/api.w.org\/{rel}","templated":true}]}}